{"id":9975,"date":"2022-07-18T09:54:17","date_gmt":"2022-07-18T12:54:17","guid":{"rendered":"https:\/\/129.144.60.171\/?page_id=9975"},"modified":"2022-07-21T12:04:11","modified_gmt":"2022-07-21T15:04:11","slug":"q-cloud-audit","status":"publish","type":"page","link":"https:\/\/www.mpl.com.br\/en\/q-cloud-audit\/","title":{"rendered":"Q Cloud Audit"},"content":{"rendered":"<div data-elementor-type=\"wp-page\" data-elementor-id=\"9975\" class=\"elementor elementor-9975\" data-elementor-post-type=\"page\">\n\t\t\t\t\t\t<section class=\"elementor-section elementor-top-section elementor-element elementor-element-f3aedad elementor-section-boxed elementor-section-height-default elementor-section-height-default parallax_section_no qode_elementor_container_no\" data-id=\"f3aedad\" data-element_type=\"section\" data-e-type=\"section\">\n\t\t\t\t\t\t<div class=\"elementor-container elementor-column-gap-default\">\n\t\t\t\t\t<div class=\"elementor-column elementor-col-100 elementor-top-column elementor-element elementor-element-eabc74b\" data-id=\"eabc74b\" data-element_type=\"column\" data-e-type=\"column\">\n\t\t\t<div class=\"elementor-widget-wrap elementor-element-populated\">\n\t\t\t\t\t\t<div class=\"elementor-element elementor-element-6dab3ce elementor-widget elementor-widget-image\" data-id=\"6dab3ce\" data-element_type=\"widget\" data-e-type=\"widget\" data-widget_type=\"image.default\">\n\t\t\t\t\t\t\t\t\t\t\t\t\t\t\t<img fetchpriority=\"high\" decoding=\"async\" width=\"1024\" height=\"213\" src=\"https:\/\/www.mpl.com.br\/wp-content\/uploads\/2022\/07\/MPL_Site_QCloudAudit-1024x213.jpg\" class=\"attachment-large size-large wp-image-9976\" alt=\"\" srcset=\"https:\/\/www.mpl.com.br\/wp-content\/uploads\/2022\/07\/MPL_Site_QCloudAudit-1024x213.jpg 1024w, https:\/\/www.mpl.com.br\/wp-content\/uploads\/2022\/07\/MPL_Site_QCloudAudit-300x63.jpg 300w, https:\/\/www.mpl.com.br\/wp-content\/uploads\/2022\/07\/MPL_Site_QCloudAudit-768x160.jpg 768w, https:\/\/www.mpl.com.br\/wp-content\/uploads\/2022\/07\/MPL_Site_QCloudAudit-700x146.jpg 700w, https:\/\/www.mpl.com.br\/wp-content\/uploads\/2022\/07\/MPL_Site_QCloudAudit.jpg 1200w\" sizes=\"(max-width: 1024px) 100vw, 1024px\">\t\t\t\t\t\t\t\t\t\t\t\t\t\t\t<\/div>\n\t\t\t\t<section class=\"elementor-section elementor-inner-section elementor-element elementor-element-fa1ae83 elementor-section-full_width elementor-section-height-default elementor-section-height-default parallax_section_no qode_elementor_container_no\" data-id=\"fa1ae83\" data-element_type=\"section\" data-e-type=\"section\">\n\t\t\t\t\t\t<div class=\"elementor-container elementor-column-gap-no\">\n\t\t\t\t\t<div class=\"elementor-column elementor-col-100 elementor-inner-column elementor-element elementor-element-0d44bcf\" data-id=\"0d44bcf\" data-element_type=\"column\" data-e-type=\"column\">\n\t\t\t<div class=\"elementor-widget-wrap elementor-element-populated\">\n\t\t\t\t\t\t<div class=\"elementor-element elementor-element-d446a84 elementor-widget__width-inherit elementor-widget elementor-widget-text-editor\" data-id=\"d446a84\" data-element_type=\"widget\" data-e-type=\"widget\" data-widget_type=\"text-editor.default\">\n\t\t\t\t\t\t\t\t\t<p>With fraud on the rise and increasing pressure from auditors, it makes sense to keep your security controls and Segregation of Duties (SoD) in good shape.<\/p><p>But to do that, you need to be able to identify weaknesses and prioritize areas for improvement.<\/p><p>As\u00a0<strong>Q Cloud Audit<\/strong>\u00a0you can perform a security audit of your JD Edwards EnterpriseOne system whenever necessary, without needing assistance from your technical team.<\/p><ul><li>Very easy: no in-house effort or technical skills required<\/li><li>Fast results: delivered within 24 hours<\/li><li>Accurate and comprehensive information delivered online as needed.<\/li><li>Save time and money<\/li><\/ul><p>\u00a0<\/p><p>O <strong>Q Cloud Audit<\/strong>\u00a0helps your company to reduce costs with external audits, prioritize the reformulation of its security policy, prevent fraud by finding and correcting Segregation of Duties violations.<\/p>\t\t\t\t\t\t\t\t<\/div>\n\t\t\t\t\t<\/div>\n\t\t<\/div>\n\t\t\t\t\t<\/div>\n\t\t<\/section>\n\t\t\t\t<div class=\"elementor-element elementor-element-ace586e elementor-widget elementor-widget-heading\" data-id=\"ace586e\" data-element_type=\"widget\" data-e-type=\"widget\" data-widget_type=\"heading.default\">\n\t\t\t\t\t<h3 class=\"elementor-heading-title elementor-size-default\">How it works?<\/h3>\t\t\t\t<\/div>\n\t\t\t\t<div class=\"elementor-element elementor-element-021407f elementor-widget elementor-widget-text-editor\" data-id=\"021407f\" data-element_type=\"widget\" data-e-type=\"widget\" data-widget_type=\"text-editor.default\">\n\t\t\t\t\t\t\t\t\t<p>Request an audit via the QCloud portal and then download the Q Agent, which gathers the necessary information in real time \u2013 such as the security table, user and role information \u2013 and then transfers it to QCloud.<\/p><p>The data is analyzed and the audit report is produced.<\/p><p>An email is sent to notify you that the audit results are ready, including links to access and download the consultancy report via QCloud, as well as access to an interactive online view.<\/p>\t\t\t\t\t\t\t\t<\/div>\n\t\t\t\t<div class=\"elementor-element elementor-element-d609cd0 elementor-widget elementor-widget-heading\" data-id=\"d609cd0\" data-element_type=\"widget\" data-e-type=\"widget\" data-widget_type=\"heading.default\">\n\t\t\t\t\t<h3 class=\"elementor-heading-title elementor-size-default\">What do the Results Show?<\/h3>\t\t\t\t<\/div>\n\t\t\t\t<div class=\"elementor-element elementor-element-4f30803 elementor-widget elementor-widget-text-editor\" data-id=\"4f30803\" data-element_type=\"widget\" data-e-type=\"widget\" data-widget_type=\"text-editor.default\">\n\t\t\t\t\t\t\t\t\t<p>Reports provide valuable information to help you make decisions about your security and priorities for improvement where relevant. They are used as evidence for your auditors and contain detailed information to help you answer specific questions.<\/p><p>The main audit report summarizes the findings, identifying any areas of vulnerability and making recommendations.<\/p><p>Detailed reports help you identify and fix specific vulnerabilities: Users with access to critical programs; Users with access to master data programs and Users with Segregation of Duties violations, for example.<\/p>\t\t\t\t\t\t\t\t<\/div>\n\t\t\t\t<div class=\"elementor-element elementor-element-00b2073 elementor-widget elementor-widget-heading\" data-id=\"00b2073\" data-element_type=\"widget\" data-e-type=\"widget\" data-widget_type=\"heading.default\">\n\t\t\t\t\t<h3 class=\"elementor-heading-title elementor-size-default\">The architecture<\/h3>\t\t\t\t<\/div>\n\t\t\t\t<div class=\"elementor-element elementor-element-478f753 elementor-widget elementor-widget-text-editor\" data-id=\"478f753\" data-element_type=\"widget\" data-e-type=\"widget\" data-widget_type=\"text-editor.default\">\n\t\t\t\t\t\t\t\t\t<p>The system is hosted on the AWS cloud provider and all data &#039;in transit&#039; and &#039;at rest&#039; is encrypted.<\/p><p>Q Agent collects the data to be audited from your JD Edwards system and transfers it to QCloud for analysis. Q Agent is platform and database agnostic and can run on any system supported by JD Edwards, whether it is on-premises, hosted off-site, or in a hybrid cloud environment.<\/p>\t\t\t\t\t\t\t\t<\/div>\n\t\t\t\t<div class=\"elementor-element elementor-element-34bf3ee elementor-widget-divider--view-line elementor-widget elementor-widget-divider\" data-id=\"34bf3ee\" data-element_type=\"widget\" data-e-type=\"widget\" data-widget_type=\"divider.default\">\n\t\t\t\t\t\t\t<div class=\"elementor-divider\">\n\t\t\t<span class=\"elementor-divider-separator\">\n\t\t\t\t\t\t<\/span>\n\t\t<\/div>\n\t\t\t\t\t\t<\/div>\n\t\t\t\t<div class=\"elementor-element elementor-element-91a1feb elementor-widget elementor-widget-image\" data-id=\"91a1feb\" data-element_type=\"widget\" data-e-type=\"widget\" data-widget_type=\"image.default\">\n\t\t\t\t\t\t\t\t\t\t\t\t\t\t\t\t<a href=\"https:\/\/www.mpl.com.br\/en\/contato\/\">\n\t\t\t\t\t\t\t<img decoding=\"async\" width=\"1201\" height=\"200\" src=\"https:\/\/www.mpl.com.br\/wp-content\/uploads\/2022\/08\/teste21.jpg\" class=\"attachment-full size-full wp-image-9967\" alt=\"\" srcset=\"https:\/\/www.mpl.com.br\/wp-content\/uploads\/2022\/08\/teste21.jpg 1201w, https:\/\/www.mpl.com.br\/wp-content\/uploads\/2022\/08\/teste21-300x50.jpg 300w, https:\/\/www.mpl.com.br\/wp-content\/uploads\/2022\/08\/teste21-1024x171.jpg 1024w, https:\/\/www.mpl.com.br\/wp-content\/uploads\/2022\/08\/teste21-768x128.jpg 768w, https:\/\/www.mpl.com.br\/wp-content\/uploads\/2022\/08\/teste21-18x3.jpg 18w, https:\/\/www.mpl.com.br\/wp-content\/uploads\/2022\/08\/teste21-700x117.jpg 700w\" sizes=\"(max-width: 1201px) 100vw, 1201px\">\t\t\t\t\t\t\t\t<\/a>\n\t\t\t\t\t\t\t\t\t\t\t\t\t\t\t<\/div>\n\t\t\t\t\t<\/div>\n\t\t<\/div>\n\t\t\t\t\t<\/div>\n\t\t<\/section>\n\t\t\t\t<\/div>","protected":false},"excerpt":{"rendered":"<p>With fraud on the rise and increasing pressure from auditors, it makes sense to keep your security controls and Segregation of Duties (SoD) in good shape. But to do that, you need to be able to identify weaknesses and prioritize areas for improvement\u2026.<\/p>","protected":false},"author":10,"featured_media":0,"parent":0,"menu_order":0,"comment_status":"closed","ping_status":"closed","template":"","meta":{"footnotes":""},"class_list":["post-9975","page","type-page","status-publish","hentry"],"yoast_head":"<!-- This site is optimized with the Yoast SEO plugin v27.4 - https:\/\/yoast.com\/product\/yoast-seo-wordpress\/ -->\n<title>Q Cloud Audit - MPL - Excel\u00eancia em Transforma\u00e7\u00e3o Digital e ERP JD Edwards %<\/title>\n<meta name=\"robots\" content=\"index, follow, max-snippet:-1, max-image-preview:large, max-video-preview:-1\" \/>\n<link rel=\"canonical\" href=\"https:\/\/www.mpl.com.br\/en\/q-cloud-audit\/\" \/>\n<meta property=\"og:locale\" content=\"en_US\" \/>\n<meta property=\"og:type\" content=\"article\" \/>\n<meta property=\"og:title\" content=\"Q Cloud Audit - MPL - Excel\u00eancia em Transforma\u00e7\u00e3o Digital e ERP JD Edwards %\" \/>\n<meta property=\"og:description\" content=\"Com a fraude em ascens\u00e3o e a crescente press\u00e3o dos auditores, faz sentido manter seus controles de seguran\u00e7a e Segrega\u00e7\u00e3o de Fun\u00e7\u00f5es (SoD) em boa forma. Mas para fazer isso, voc\u00ea precisa ser capaz de identificar as fraquezas e priorizar as \u00e1reas para realizar melhorias....\" \/>\n<meta property=\"og:url\" content=\"https:\/\/www.mpl.com.br\/en\/q-cloud-audit\/\" \/>\n<meta property=\"og:site_name\" content=\"MPL - Excel\u00eancia em Transforma\u00e7\u00e3o Digital e ERP JD Edwards\" \/>\n<meta property=\"article:publisher\" content=\"https:\/\/facebook.com\/pages\/MPL-Corporate-Software\/142291315809464\" \/>\n<meta property=\"article:modified_time\" content=\"2022-07-21T15:04:11+00:00\" \/>\n<meta property=\"og:image\" content=\"https:\/\/www.mpl.com.br\/wp-content\/uploads\/2022\/07\/MPL_Site_QCloudAudit-1024x213.jpg\" \/>\n<meta name=\"twitter:card\" content=\"summary_large_image\" \/>\n<meta name=\"twitter:site\" content=\"@mpl_\" \/>\n<meta name=\"twitter:label1\" content=\"Est. reading time\" \/>\n\t<meta name=\"twitter:data1\" content=\"2 minutes\" \/>\n<script type=\"application\/ld+json\" class=\"yoast-schema-graph\">{\"@context\":\"https:\\\/\\\/schema.org\",\"@graph\":[{\"@type\":\"WebPage\",\"@id\":\"https:\\\/\\\/www.mpl.com.br\\\/q-cloud-audit\\\/\",\"url\":\"https:\\\/\\\/www.mpl.com.br\\\/q-cloud-audit\\\/\",\"name\":\"Q Cloud Audit - MPL - Excel\u00eancia em Transforma\u00e7\u00e3o Digital e ERP JD Edwards %\",\"isPartOf\":{\"@id\":\"https:\\\/\\\/www.mpl.com.br\\\/#website\"},\"primaryImageOfPage\":{\"@id\":\"https:\\\/\\\/www.mpl.com.br\\\/q-cloud-audit\\\/#primaryimage\"},\"image\":{\"@id\":\"https:\\\/\\\/www.mpl.com.br\\\/q-cloud-audit\\\/#primaryimage\"},\"thumbnailUrl\":\"https:\\\/\\\/www.mpl.com.br\\\/wp-content\\\/uploads\\\/2022\\\/07\\\/MPL_Site_QCloudAudit-1024x213.jpg\",\"datePublished\":\"2022-07-18T12:54:17+00:00\",\"dateModified\":\"2022-07-21T15:04:11+00:00\",\"breadcrumb\":{\"@id\":\"https:\\\/\\\/www.mpl.com.br\\\/q-cloud-audit\\\/#breadcrumb\"},\"inLanguage\":\"en-US\",\"potentialAction\":[{\"@type\":\"ReadAction\",\"target\":[\"https:\\\/\\\/www.mpl.com.br\\\/q-cloud-audit\\\/\"]}]},{\"@type\":\"ImageObject\",\"inLanguage\":\"en-US\",\"@id\":\"https:\\\/\\\/www.mpl.com.br\\\/q-cloud-audit\\\/#primaryimage\",\"url\":\"https:\\\/\\\/www.mpl.com.br\\\/wp-content\\\/uploads\\\/2022\\\/07\\\/MPL_Site_QCloudAudit-1024x213.jpg\",\"contentUrl\":\"https:\\\/\\\/www.mpl.com.br\\\/wp-content\\\/uploads\\\/2022\\\/07\\\/MPL_Site_QCloudAudit-1024x213.jpg\"},{\"@type\":\"BreadcrumbList\",\"@id\":\"https:\\\/\\\/www.mpl.com.br\\\/q-cloud-audit\\\/#breadcrumb\",\"itemListElement\":[{\"@type\":\"ListItem\",\"position\":1,\"name\":\"Home\",\"item\":\"https:\\\/\\\/www.mpl.com.br\\\/\"},{\"@type\":\"ListItem\",\"position\":2,\"name\":\"Q Cloud Audit\"}]},{\"@type\":\"WebSite\",\"@id\":\"https:\\\/\\\/www.mpl.com.br\\\/#website\",\"url\":\"https:\\\/\\\/www.mpl.com.br\\\/\",\"name\":\"MPL - Solu\u00e7\u00f5es em ERP Oracle JD Edwards e Transforma\u00e7\u00e3o Digital\",\"description\":\"A MPL \u00e9 l\u00edder em solu\u00e7\u00f5es de transforma\u00e7\u00e3o digital, integra\u00e7\u00e3o de sistemas e consultoria em Oracle JD Edwards. Potencialize sua empresa com inova\u00e7\u00e3o e automa\u00e7\u00e3o de processos.\",\"publisher\":{\"@id\":\"https:\\\/\\\/www.mpl.com.br\\\/#organization\"},\"alternateName\":\"ERP Oracle JD Edwards\",\"potentialAction\":[{\"@type\":\"SearchAction\",\"target\":{\"@type\":\"EntryPoint\",\"urlTemplate\":\"https:\\\/\\\/www.mpl.com.br\\\/?s={search_term_string}\"},\"query-input\":{\"@type\":\"PropertyValueSpecification\",\"valueRequired\":true,\"valueName\":\"search_term_string\"}}],\"inLanguage\":\"en-US\"},{\"@type\":\"Organization\",\"@id\":\"https:\\\/\\\/www.mpl.com.br\\\/#organization\",\"name\":\"MPL - Solu\u00e7\u00f5es em ERP Oracle JD Edwards e Transforma\u00e7\u00e3o Digital\",\"alternateName\":\"ERP Oracle JD Edwards\",\"url\":\"https:\\\/\\\/www.mpl.com.br\\\/\",\"logo\":{\"@type\":\"ImageObject\",\"inLanguage\":\"en-US\",\"@id\":\"https:\\\/\\\/www.mpl.com.br\\\/#\\\/schema\\\/logo\\\/image\\\/\",\"url\":\"https:\\\/\\\/www.mpl.com.br\\\/wp-content\\\/uploads\\\/2022\\\/04\\\/logoMPL.png\",\"contentUrl\":\"https:\\\/\\\/www.mpl.com.br\\\/wp-content\\\/uploads\\\/2022\\\/04\\\/logoMPL.png\",\"width\":469,\"height\":116,\"caption\":\"MPL - Solu\u00e7\u00f5es em ERP Oracle JD Edwards e Transforma\u00e7\u00e3o Digital\"},\"image\":{\"@id\":\"https:\\\/\\\/www.mpl.com.br\\\/#\\\/schema\\\/logo\\\/image\\\/\"},\"sameAs\":[\"https:\\\/\\\/facebook.com\\\/pages\\\/MPL-Corporate-Software\\\/142291315809464\",\"https:\\\/\\\/x.com\\\/mpl_\",\"https:\\\/\\\/www.youtube.com\\\/channel\\\/UCVsLH6x9u-CF8R2yxLmvBZA\\\/featured\",\"http:\\\/\\\/www.linkedin.com\\\/company\\\/216460\"]}]}<\/script>\n<!-- \/ Yoast SEO plugin. -->","yoast_head_json":{"title":"Q Cloud Audit - MPL - Excel\u00eancia em Transforma\u00e7\u00e3o Digital e ERP JD Edwards %","robots":{"index":"index","follow":"follow","max-snippet":"max-snippet:-1","max-image-preview":"max-image-preview:large","max-video-preview":"max-video-preview:-1"},"canonical":"https:\/\/www.mpl.com.br\/en\/q-cloud-audit\/","og_locale":"en_US","og_type":"article","og_title":"Q Cloud Audit - MPL - Excel\u00eancia em Transforma\u00e7\u00e3o Digital e ERP JD Edwards %","og_description":"Com a fraude em ascens\u00e3o e a crescente press\u00e3o dos auditores, faz sentido manter seus controles de seguran\u00e7a e Segrega\u00e7\u00e3o de Fun\u00e7\u00f5es (SoD) em boa forma. Mas para fazer isso, voc\u00ea precisa ser capaz de identificar as fraquezas e priorizar as \u00e1reas para realizar melhorias....","og_url":"https:\/\/www.mpl.com.br\/en\/q-cloud-audit\/","og_site_name":"MPL - Excel\u00eancia em Transforma\u00e7\u00e3o Digital e ERP JD Edwards","article_publisher":"https:\/\/facebook.com\/pages\/MPL-Corporate-Software\/142291315809464","article_modified_time":"2022-07-21T15:04:11+00:00","og_image":[{"url":"https:\/\/www.mpl.com.br\/wp-content\/uploads\/2022\/07\/MPL_Site_QCloudAudit-1024x213.jpg","type":"","width":"","height":""}],"twitter_card":"summary_large_image","twitter_site":"@mpl_","twitter_misc":{"Est. reading time":"2 minutes"},"schema":{"@context":"https:\/\/schema.org","@graph":[{"@type":"WebPage","@id":"https:\/\/www.mpl.com.br\/q-cloud-audit\/","url":"https:\/\/www.mpl.com.br\/q-cloud-audit\/","name":"Q Cloud Audit - MPL - Excel\u00eancia em Transforma\u00e7\u00e3o Digital e ERP JD Edwards %","isPartOf":{"@id":"https:\/\/www.mpl.com.br\/#website"},"primaryImageOfPage":{"@id":"https:\/\/www.mpl.com.br\/q-cloud-audit\/#primaryimage"},"image":{"@id":"https:\/\/www.mpl.com.br\/q-cloud-audit\/#primaryimage"},"thumbnailUrl":"https:\/\/www.mpl.com.br\/wp-content\/uploads\/2022\/07\/MPL_Site_QCloudAudit-1024x213.jpg","datePublished":"2022-07-18T12:54:17+00:00","dateModified":"2022-07-21T15:04:11+00:00","breadcrumb":{"@id":"https:\/\/www.mpl.com.br\/q-cloud-audit\/#breadcrumb"},"inLanguage":"en-US","potentialAction":[{"@type":"ReadAction","target":["https:\/\/www.mpl.com.br\/q-cloud-audit\/"]}]},{"@type":"ImageObject","inLanguage":"en-US","@id":"https:\/\/www.mpl.com.br\/q-cloud-audit\/#primaryimage","url":"https:\/\/www.mpl.com.br\/wp-content\/uploads\/2022\/07\/MPL_Site_QCloudAudit-1024x213.jpg","contentUrl":"https:\/\/www.mpl.com.br\/wp-content\/uploads\/2022\/07\/MPL_Site_QCloudAudit-1024x213.jpg"},{"@type":"BreadcrumbList","@id":"https:\/\/www.mpl.com.br\/q-cloud-audit\/#breadcrumb","itemListElement":[{"@type":"ListItem","position":1,"name":"Home","item":"https:\/\/www.mpl.com.br\/"},{"@type":"ListItem","position":2,"name":"Q Cloud Audit"}]},{"@type":"WebSite","@id":"https:\/\/www.mpl.com.br\/#website","url":"https:\/\/www.mpl.com.br\/","name":"MPL - Solu\u00e7\u00f5es em ERP Oracle JD Edwards e Transforma\u00e7\u00e3o Digital","description":"MPL is a leader in digital transformation solutions, systems integration and Oracle JD Edwards consulting. Empower your company with innovation and process automation.","publisher":{"@id":"https:\/\/www.mpl.com.br\/#organization"},"alternateName":"ERP Oracle JD Edwards","potentialAction":[{"@type":"SearchAction","target":{"@type":"EntryPoint","urlTemplate":"https:\/\/www.mpl.com.br\/?s={search_term_string}"},"query-input":{"@type":"PropertyValueSpecification","valueRequired":true,"valueName":"search_term_string"}}],"inLanguage":"en-US"},{"@type":"Organization","@id":"https:\/\/www.mpl.com.br\/#organization","name":"MPL - Solu\u00e7\u00f5es em ERP Oracle JD Edwards e Transforma\u00e7\u00e3o Digital","alternateName":"ERP Oracle JD Edwards","url":"https:\/\/www.mpl.com.br\/","logo":{"@type":"ImageObject","inLanguage":"en-US","@id":"https:\/\/www.mpl.com.br\/#\/schema\/logo\/image\/","url":"https:\/\/www.mpl.com.br\/wp-content\/uploads\/2022\/04\/logoMPL.png","contentUrl":"https:\/\/www.mpl.com.br\/wp-content\/uploads\/2022\/04\/logoMPL.png","width":469,"height":116,"caption":"MPL - Solu\u00e7\u00f5es em ERP Oracle JD Edwards e Transforma\u00e7\u00e3o Digital"},"image":{"@id":"https:\/\/www.mpl.com.br\/#\/schema\/logo\/image\/"},"sameAs":["https:\/\/facebook.com\/pages\/MPL-Corporate-Software\/142291315809464","https:\/\/x.com\/mpl_","https:\/\/www.youtube.com\/channel\/UCVsLH6x9u-CF8R2yxLmvBZA\/featured","http:\/\/www.linkedin.com\/company\/216460"]}]}},"_links":{"self":[{"href":"https:\/\/www.mpl.com.br\/en\/wp-json\/wp\/v2\/pages\/9975","targetHints":{"allow":["GET"]}}],"collection":[{"href":"https:\/\/www.mpl.com.br\/en\/wp-json\/wp\/v2\/pages"}],"about":[{"href":"https:\/\/www.mpl.com.br\/en\/wp-json\/wp\/v2\/types\/page"}],"author":[{"embeddable":true,"href":"https:\/\/www.mpl.com.br\/en\/wp-json\/wp\/v2\/users\/10"}],"replies":[{"embeddable":true,"href":"https:\/\/www.mpl.com.br\/en\/wp-json\/wp\/v2\/comments?post=9975"}],"version-history":[{"count":0,"href":"https:\/\/www.mpl.com.br\/en\/wp-json\/wp\/v2\/pages\/9975\/revisions"}],"wp:attachment":[{"href":"https:\/\/www.mpl.com.br\/en\/wp-json\/wp\/v2\/media?parent=9975"}],"curies":[{"name":"wp","href":"https:\/\/api.w.org\/{rel}","templated":true}]}}