{"id":720,"date":"2022-05-03T16:51:11","date_gmt":"2022-05-03T19:51:11","guid":{"rendered":"https:\/\/129.144.60.171\/?page_id=720"},"modified":"2022-05-05T16:17:17","modified_gmt":"2022-05-05T19:17:17","slug":"conhecimento","status":"publish","type":"page","link":"https:\/\/www.mpl.com.br\/en\/conhecimento\/","title":{"rendered":"Knowledge"},"content":{"rendered":"","protected":false},"excerpt":{"rendered":"","protected":false},"author":10,"featured_media":0,"parent":0,"menu_order":0,"comment_status":"closed","ping_status":"closed","template":"","meta":{"footnotes":""},"class_list":["post-720","page","type-page","status-publish","hentry"],"yoast_head":"<!-- This site is optimized with the Yoast SEO plugin v27.3 - https:\/\/yoast.com\/product\/yoast-seo-wordpress\/ -->\n<title>Conhecimento - MPL - Excel\u00eancia em Transforma\u00e7\u00e3o Digital e ERP JD Edwards %<\/title>\n<meta name=\"robots\" content=\"index, follow, max-snippet:-1, max-image-preview:large, max-video-preview:-1\" \/>\n<link rel=\"canonical\" href=\"https:\/\/www.mpl.com.br\/en\/conhecimento\/\" \/>\n<meta property=\"og:locale\" content=\"en_US\" \/>\n<meta property=\"og:type\" content=\"article\" \/>\n<meta property=\"og:title\" content=\"Conhecimento - MPL - Excel\u00eancia em Transforma\u00e7\u00e3o Digital e ERP JD Edwards %\" \/>\n<meta property=\"og:url\" content=\"https:\/\/www.mpl.com.br\/en\/conhecimento\/\" \/>\n<meta property=\"og:site_name\" content=\"MPL - Excel\u00eancia em Transforma\u00e7\u00e3o Digital e ERP JD Edwards\" \/>\n<meta property=\"article:publisher\" content=\"https:\/\/facebook.com\/pages\/MPL-Corporate-Software\/142291315809464\" \/>\n<meta property=\"article:modified_time\" content=\"2022-05-05T19:17:17+00:00\" \/>\n<meta property=\"og:image\" content=\"https:\/\/www.mpl.com.br\/wp-content\/uploads\/2024\/01\/Hardware-shapes.jpg\" \/>\n\t<meta property=\"og:image:width\" content=\"1477\" \/>\n\t<meta property=\"og:image:height\" content=\"1007\" \/>\n\t<meta property=\"og:image:type\" content=\"image\/jpeg\" \/>\n<meta name=\"twitter:card\" content=\"summary_large_image\" \/>\n<meta name=\"twitter:site\" content=\"@mpl_\" \/>\n<script type=\"application\/ld+json\" class=\"yoast-schema-graph\">{\"@context\":\"https:\\\/\\\/schema.org\",\"@graph\":[{\"@type\":\"WebPage\",\"@id\":\"https:\\\/\\\/www.mpl.com.br\\\/conhecimento\\\/\",\"url\":\"https:\\\/\\\/www.mpl.com.br\\\/conhecimento\\\/\",\"name\":\"Conhecimento - MPL - Excel\u00eancia em Transforma\u00e7\u00e3o Digital e ERP JD Edwards %\",\"isPartOf\":{\"@id\":\"https:\\\/\\\/www.mpl.com.br\\\/#website\"},\"datePublished\":\"2022-05-03T19:51:11+00:00\",\"dateModified\":\"2022-05-05T19:17:17+00:00\",\"breadcrumb\":{\"@id\":\"https:\\\/\\\/www.mpl.com.br\\\/conhecimento\\\/#breadcrumb\"},\"inLanguage\":\"en-US\",\"potentialAction\":[{\"@type\":\"ReadAction\",\"target\":[\"https:\\\/\\\/www.mpl.com.br\\\/conhecimento\\\/\"]}]},{\"@type\":\"BreadcrumbList\",\"@id\":\"https:\\\/\\\/www.mpl.com.br\\\/conhecimento\\\/#breadcrumb\",\"itemListElement\":[{\"@type\":\"ListItem\",\"position\":1,\"name\":\"Home\",\"item\":\"https:\\\/\\\/www.mpl.com.br\\\/\"},{\"@type\":\"ListItem\",\"position\":2,\"name\":\"Conhecimento\"}]},{\"@type\":\"WebSite\",\"@id\":\"https:\\\/\\\/www.mpl.com.br\\\/#website\",\"url\":\"https:\\\/\\\/www.mpl.com.br\\\/\",\"name\":\"MPL - Solu\u00e7\u00f5es em ERP Oracle JD Edwards e Transforma\u00e7\u00e3o Digital\",\"description\":\"A MPL \u00e9 l\u00edder em solu\u00e7\u00f5es de transforma\u00e7\u00e3o digital, integra\u00e7\u00e3o de sistemas e consultoria em Oracle JD Edwards. Potencialize sua empresa com inova\u00e7\u00e3o e automa\u00e7\u00e3o de processos.\",\"publisher\":{\"@id\":\"https:\\\/\\\/www.mpl.com.br\\\/#organization\"},\"alternateName\":\"ERP Oracle JD Edwards\",\"potentialAction\":[{\"@type\":\"SearchAction\",\"target\":{\"@type\":\"EntryPoint\",\"urlTemplate\":\"https:\\\/\\\/www.mpl.com.br\\\/?s={search_term_string}\"},\"query-input\":{\"@type\":\"PropertyValueSpecification\",\"valueRequired\":true,\"valueName\":\"search_term_string\"}}],\"inLanguage\":\"en-US\"},{\"@type\":\"Organization\",\"@id\":\"https:\\\/\\\/www.mpl.com.br\\\/#organization\",\"name\":\"MPL - Solu\u00e7\u00f5es em ERP Oracle JD Edwards e Transforma\u00e7\u00e3o Digital\",\"alternateName\":\"ERP Oracle JD Edwards\",\"url\":\"https:\\\/\\\/www.mpl.com.br\\\/\",\"logo\":{\"@type\":\"ImageObject\",\"inLanguage\":\"en-US\",\"@id\":\"https:\\\/\\\/www.mpl.com.br\\\/#\\\/schema\\\/logo\\\/image\\\/\",\"url\":\"https:\\\/\\\/www.mpl.com.br\\\/wp-content\\\/uploads\\\/2022\\\/04\\\/logoMPL.png\",\"contentUrl\":\"https:\\\/\\\/www.mpl.com.br\\\/wp-content\\\/uploads\\\/2022\\\/04\\\/logoMPL.png\",\"width\":469,\"height\":116,\"caption\":\"MPL - Solu\u00e7\u00f5es em ERP Oracle JD Edwards e Transforma\u00e7\u00e3o Digital\"},\"image\":{\"@id\":\"https:\\\/\\\/www.mpl.com.br\\\/#\\\/schema\\\/logo\\\/image\\\/\"},\"sameAs\":[\"https:\\\/\\\/facebook.com\\\/pages\\\/MPL-Corporate-Software\\\/142291315809464\",\"https:\\\/\\\/x.com\\\/mpl_\",\"https:\\\/\\\/www.youtube.com\\\/channel\\\/UCVsLH6x9u-CF8R2yxLmvBZA\\\/featured\",\"http:\\\/\\\/www.linkedin.com\\\/company\\\/216460\"]}]}<\/script>\n<!-- \/ Yoast SEO plugin. -->","yoast_head_json":{"title":"Conhecimento - MPL - Excel\u00eancia em Transforma\u00e7\u00e3o Digital e ERP JD Edwards %","robots":{"index":"index","follow":"follow","max-snippet":"max-snippet:-1","max-image-preview":"max-image-preview:large","max-video-preview":"max-video-preview:-1"},"canonical":"https:\/\/www.mpl.com.br\/en\/conhecimento\/","og_locale":"en_US","og_type":"article","og_title":"Conhecimento - MPL - Excel\u00eancia em Transforma\u00e7\u00e3o Digital e ERP JD Edwards %","og_url":"https:\/\/www.mpl.com.br\/en\/conhecimento\/","og_site_name":"MPL - Excel\u00eancia em Transforma\u00e7\u00e3o Digital e ERP JD Edwards","article_publisher":"https:\/\/facebook.com\/pages\/MPL-Corporate-Software\/142291315809464","article_modified_time":"2022-05-05T19:17:17+00:00","og_image":[{"width":1477,"height":1007,"url":"https:\/\/www.mpl.com.br\/wp-content\/uploads\/2024\/01\/Hardware-shapes.jpg","type":"image\/jpeg"}],"twitter_card":"summary_large_image","twitter_site":"@mpl_","schema":{"@context":"https:\/\/schema.org","@graph":[{"@type":"WebPage","@id":"https:\/\/www.mpl.com.br\/conhecimento\/","url":"https:\/\/www.mpl.com.br\/conhecimento\/","name":"Conhecimento - MPL - Excel\u00eancia em Transforma\u00e7\u00e3o Digital e ERP JD Edwards %","isPartOf":{"@id":"https:\/\/www.mpl.com.br\/#website"},"datePublished":"2022-05-03T19:51:11+00:00","dateModified":"2022-05-05T19:17:17+00:00","breadcrumb":{"@id":"https:\/\/www.mpl.com.br\/conhecimento\/#breadcrumb"},"inLanguage":"en-US","potentialAction":[{"@type":"ReadAction","target":["https:\/\/www.mpl.com.br\/conhecimento\/"]}]},{"@type":"BreadcrumbList","@id":"https:\/\/www.mpl.com.br\/conhecimento\/#breadcrumb","itemListElement":[{"@type":"ListItem","position":1,"name":"Home","item":"https:\/\/www.mpl.com.br\/"},{"@type":"ListItem","position":2,"name":"Conhecimento"}]},{"@type":"WebSite","@id":"https:\/\/www.mpl.com.br\/#website","url":"https:\/\/www.mpl.com.br\/","name":"MPL - Solu\u00e7\u00f5es em ERP Oracle JD Edwards e Transforma\u00e7\u00e3o Digital","description":"MPL is a leader in digital transformation solutions, systems integration and Oracle JD Edwards consulting. Empower your company with innovation and process automation.","publisher":{"@id":"https:\/\/www.mpl.com.br\/#organization"},"alternateName":"ERP Oracle JD Edwards","potentialAction":[{"@type":"SearchAction","target":{"@type":"EntryPoint","urlTemplate":"https:\/\/www.mpl.com.br\/?s={search_term_string}"},"query-input":{"@type":"PropertyValueSpecification","valueRequired":true,"valueName":"search_term_string"}}],"inLanguage":"en-US"},{"@type":"Organization","@id":"https:\/\/www.mpl.com.br\/#organization","name":"MPL - Solu\u00e7\u00f5es em ERP Oracle JD Edwards e Transforma\u00e7\u00e3o Digital","alternateName":"ERP Oracle JD Edwards","url":"https:\/\/www.mpl.com.br\/","logo":{"@type":"ImageObject","inLanguage":"en-US","@id":"https:\/\/www.mpl.com.br\/#\/schema\/logo\/image\/","url":"https:\/\/www.mpl.com.br\/wp-content\/uploads\/2022\/04\/logoMPL.png","contentUrl":"https:\/\/www.mpl.com.br\/wp-content\/uploads\/2022\/04\/logoMPL.png","width":469,"height":116,"caption":"MPL - Solu\u00e7\u00f5es em ERP Oracle JD Edwards e Transforma\u00e7\u00e3o Digital"},"image":{"@id":"https:\/\/www.mpl.com.br\/#\/schema\/logo\/image\/"},"sameAs":["https:\/\/facebook.com\/pages\/MPL-Corporate-Software\/142291315809464","https:\/\/x.com\/mpl_","https:\/\/www.youtube.com\/channel\/UCVsLH6x9u-CF8R2yxLmvBZA\/featured","http:\/\/www.linkedin.com\/company\/216460"]}]}},"_links":{"self":[{"href":"https:\/\/www.mpl.com.br\/en\/wp-json\/wp\/v2\/pages\/720","targetHints":{"allow":["GET"]}}],"collection":[{"href":"https:\/\/www.mpl.com.br\/en\/wp-json\/wp\/v2\/pages"}],"about":[{"href":"https:\/\/www.mpl.com.br\/en\/wp-json\/wp\/v2\/types\/page"}],"author":[{"embeddable":true,"href":"https:\/\/www.mpl.com.br\/en\/wp-json\/wp\/v2\/users\/10"}],"replies":[{"embeddable":true,"href":"https:\/\/www.mpl.com.br\/en\/wp-json\/wp\/v2\/comments?post=720"}],"version-history":[{"count":0,"href":"https:\/\/www.mpl.com.br\/en\/wp-json\/wp\/v2\/pages\/720\/revisions"}],"wp:attachment":[{"href":"https:\/\/www.mpl.com.br\/en\/wp-json\/wp\/v2\/media?parent=720"}],"curies":[{"name":"wp","href":"https:\/\/api.w.org\/{rel}","templated":true}]}}